{"id":4387,"date":"2020-09-15T01:52:55","date_gmt":"2020-09-15T01:52:55","guid":{"rendered":"https:\/\/customice.travel\/destinations\/"},"modified":"2025-04-02T14:41:12","modified_gmt":"2025-04-02T14:41:12","slug":"destinacije","status":"publish","type":"page","link":"https:\/\/customice.travel\/sr\/destinacije\/","title":{"rendered":"Destinacije"},"content":{"rendered":"<h1>\n                        DESTINACIJE                    <\/h1>\n<\/p>\n<span><span><a href=\"https:\/\/customice.travel\/sr\/\">Home<\/a><\/span><\/span>\n<h2>Va\u0161 globalni partner za poslovna putovanja i doga\u0111aje.<\/h2>\n<p style=\"font-weight: 400;\">Specijalizovani smo za <strong>organizaciju poslovnih i incentive putovanja \u0161irom sveta<\/strong> &#8211; od dobro poznatog Balkana do najudaljenijih i najinspirativnijih svetskih destinacija. Na\u0161a <strong>predstavni\u0161tva u Beogradu i Boki Kotorskoj<\/strong> garant su dubokog poznavanja regiona, koji smo temeljno istra\u017eili i u praksi proverili. Ali na\u0161 radni kompas daleko prevazilazi granice Balkana.<\/p>\n<p style=\"font-weight: 400;\">Bilo da vam je potrebna <em>registracija za kongres u Barseloni ili Bostonu, kompletna logistika za poslovno putovanje u Amsterdamu, ili ekskluzivno iskustvo poput vinske ture po Toskani ili odlaska na finale Lige \u0161ampiona\u00a0sa va\u0161im timom<\/em>\u00a0&#8211;\u00a0svaku va\u0161u ideju pretvaramo u realnost.<\/p>\n<p style=\"font-weight: 400;\">Organizujemo i <em>team buildinge u Andaluziji, luksuzne vikende u Alpima, gala ve\u010dere u Lisabonu, i sli\u010dne doga\u0111aje na globalnom nivou<\/em>, kao i<em> strate\u0161ke skupove na dalekim svetskim destinacijama poput Abu Dabija.<\/em><\/p>\n<p style=\"font-weight: 400;\">Na\u0161 tim <strong>osmi\u0161ljava i realizuje putovanja i doga\u0111aje po meri<\/strong> &#8211;\u00a0pa\u017eljivo, profesionalno i kreativno, vode\u0107i ra\u010duna o svakom detalju i u potpunosti se prilago\u0111avaju\u0107i va\u0161im poslovnim ciljevima i profilu u\u010desnika.<\/p>\n<p style=\"font-weight: 400;\">Na\u0161a misija je da svako putovanje postane<strong> vi\u0161e od samog puta<\/strong> &#8211;\u00a0iskustvo koje inspiri\u0161e, povezuje i ostavlja sna\u017ean utisak. Gde god da vas posao vodi, Customice vas vodi sa stilom.<\/p>\n<p>\t\t\t\t\t\t\t\t\t\t\t\t<img decoding=\"async\" width=\"768\" height=\"512\" src=\"https:\/\/customice.travel\/wp-content\/uploads\/2024\/12\/CUSTOMICE-Destinations-carousel-7-768x512.png\" alt=\"\" loading=\"lazy\" srcset=\"https:\/\/customice.travel\/wp-content\/uploads\/2024\/12\/CUSTOMICE-Destinations-carousel-7-768x512.png 768w, https:\/\/customice.travel\/wp-content\/uploads\/2024\/12\/CUSTOMICE-Destinations-carousel-7-300x200.png 300w, https:\/\/customice.travel\/wp-content\/uploads\/2024\/12\/CUSTOMICE-Destinations-carousel-7-1024x683.png 1024w, https:\/\/customice.travel\/wp-content\/uploads\/2024\/12\/CUSTOMICE-Destinations-carousel-7-60x40.png 60w, https:\/\/customice.travel\/wp-content\/uploads\/2024\/12\/CUSTOMICE-Destinations-carousel-7-120x80.png 120w, https:\/\/customice.travel\/wp-content\/uploads\/2024\/12\/CUSTOMICE-Destinations-carousel-7-394x263.png 394w, https:\/\/customice.travel\/wp-content\/uploads\/2024\/12\/CUSTOMICE-Destinations-carousel-7-915x610.png 915w, https:\/\/customice.travel\/wp-content\/uploads\/2024\/12\/CUSTOMICE-Destinations-carousel-7.png 1200w\" sizes=\"auto, (max-width: 768px) 100vw, 768px\" \/>\t\t\t\t\t\t\t\t\t\t\t\t\t\t<\/p>\n<h3>srbija<\/h3>\n<p>                \t\t\t<a href=\"https:\/\/customice.travel\/sr\/srbija\/\"><br \/>\n\t\t\t\t\t\t\t\t\tVidite vi\u0161e\t\t\t\t\t\t\t<\/a><br \/>\n\t\t\t\t\t\t\t\t\t\t\t\t<img decoding=\"async\" width=\"768\" height=\"512\" src=\"https:\/\/customice.travel\/wp-content\/uploads\/2024\/12\/MNE-768x512.png\" alt=\"\" loading=\"lazy\" srcset=\"https:\/\/customice.travel\/wp-content\/uploads\/2024\/12\/MNE-768x512.png 768w, https:\/\/customice.travel\/wp-content\/uploads\/2024\/12\/MNE-300x200.png 300w, https:\/\/customice.travel\/wp-content\/uploads\/2024\/12\/MNE-1024x683.png 1024w, https:\/\/customice.travel\/wp-content\/uploads\/2024\/12\/MNE-1536x1024.png 1536w, https:\/\/customice.travel\/wp-content\/uploads\/2024\/12\/MNE-2048x1365.png 2048w, https:\/\/customice.travel\/wp-content\/uploads\/2024\/12\/MNE-60x40.png 60w, https:\/\/customice.travel\/wp-content\/uploads\/2024\/12\/MNE-120x80.png 120w, https:\/\/customice.travel\/wp-content\/uploads\/2024\/12\/MNE-394x263.png 394w, https:\/\/customice.travel\/wp-content\/uploads\/2024\/12\/MNE-915x610.png 915w, https:\/\/customice.travel\/wp-content\/uploads\/2024\/12\/MNE-1240x827.png 1240w, https:\/\/customice.travel\/wp-content\/uploads\/2024\/12\/MNE-1620x1080.png 1620w\" sizes=\"auto, (max-width: 768px) 100vw, 768px\" \/>\t\t\t\t\t\t\t\t\t\t\t\t\t\t<\/p>\n<h3>montenegro<\/h3>\n<p>                \t\t\t<a href=\"https:\/\/customice.travel\/sr\/crna-gora\/\"><br \/>\n\t\t\t\t\t\t\t\t\tVidite vi\u0161e\t\t\t\t\t\t\t<\/a><br \/>\n\t\t\t\t\t\t\t\t\t\t\t\t<img decoding=\"async\" width=\"768\" height=\"365\" src=\"https:\/\/customice.travel\/wp-content\/uploads\/2024\/12\/BOSNIA-11-768x365.png\" alt=\"\" loading=\"lazy\" srcset=\"https:\/\/customice.travel\/wp-content\/uploads\/2024\/12\/BOSNIA-11-768x365.png 768w, https:\/\/customice.travel\/wp-content\/uploads\/2024\/12\/BOSNIA-11-300x143.png 300w, https:\/\/customice.travel\/wp-content\/uploads\/2024\/12\/BOSNIA-11-1024x487.png 1024w, https:\/\/customice.travel\/wp-content\/uploads\/2024\/12\/BOSNIA-11-1536x730.png 1536w, https:\/\/customice.travel\/wp-content\/uploads\/2024\/12\/BOSNIA-11-2048x973.png 2048w, https:\/\/customice.travel\/wp-content\/uploads\/2024\/12\/BOSNIA-11-84x40.png 84w, https:\/\/customice.travel\/wp-content\/uploads\/2024\/12\/BOSNIA-11-168x80.png 168w, https:\/\/customice.travel\/wp-content\/uploads\/2024\/12\/BOSNIA-11-394x187.png 394w, https:\/\/customice.travel\/wp-content\/uploads\/2024\/12\/BOSNIA-11-915x435.png 915w, https:\/\/customice.travel\/wp-content\/uploads\/2024\/12\/BOSNIA-11-1240x589.png 1240w, https:\/\/customice.travel\/wp-content\/uploads\/2024\/12\/BOSNIA-11-1920x912.png 1920w\" sizes=\"auto, (max-width: 768px) 100vw, 768px\" \/>\t\t\t\t\t\t\t\t\t\t\t\t\t\t<\/p>\n<h3>bosna i hercegovina<\/h3>\n<p>                \t\t\t<a href=\"https:\/\/customice.travel\/sr\/bosna-i-hercegovina\/\"><br \/>\n\t\t\t\t\t\t\t\t\tVidite vi\u0161e\t\t\t\t\t\t\t<\/a><br \/>\n\t\t\t\t\t\t\t\t\t\t\t\t<img decoding=\"async\" width=\"768\" height=\"365\" src=\"https:\/\/customice.travel\/wp-content\/uploads\/2024\/12\/CROATIA-4-1-768x365.png\" alt=\"\" loading=\"lazy\" srcset=\"https:\/\/customice.travel\/wp-content\/uploads\/2024\/12\/CROATIA-4-1-768x365.png 768w, https:\/\/customice.travel\/wp-content\/uploads\/2024\/12\/CROATIA-4-1-300x142.png 300w, https:\/\/customice.travel\/wp-content\/uploads\/2024\/12\/CROATIA-4-1-1024x486.png 1024w, https:\/\/customice.travel\/wp-content\/uploads\/2024\/12\/CROATIA-4-1-1536x729.png 1536w, https:\/\/customice.travel\/wp-content\/uploads\/2024\/12\/CROATIA-4-1-2048x973.png 2048w, https:\/\/customice.travel\/wp-content\/uploads\/2024\/12\/CROATIA-4-1-84x40.png 84w, https:\/\/customice.travel\/wp-content\/uploads\/2024\/12\/CROATIA-4-1-168x80.png 168w, https:\/\/customice.travel\/wp-content\/uploads\/2024\/12\/CROATIA-4-1-394x187.png 394w, https:\/\/customice.travel\/wp-content\/uploads\/2024\/12\/CROATIA-4-1-915x435.png 915w, https:\/\/customice.travel\/wp-content\/uploads\/2024\/12\/CROATIA-4-1-1240x589.png 1240w, https:\/\/customice.travel\/wp-content\/uploads\/2024\/12\/CROATIA-4-1-1920x912.png 1920w\" sizes=\"auto, (max-width: 768px) 100vw, 768px\" \/>\t\t\t\t\t\t\t\t\t\t\t\t\t\t<\/p>\n<h3>hrvatska<\/h3>\n<p>                \t\t\t<a href=\"https:\/\/customice.travel\/sr\/hrvatska\/\"><br \/>\n\t\t\t\t\t\t\t\t\tVidite vi\u0161e\t\t\t\t\t\t\t<\/a><br \/>\n\t\t\t\t\t\t\t\t\t\t\t\t<img decoding=\"async\" width=\"768\" height=\"365\" src=\"https:\/\/customice.travel\/wp-content\/uploads\/2024\/12\/SLOVENIA-17-768x365.png\" alt=\"\" loading=\"lazy\" srcset=\"https:\/\/customice.travel\/wp-content\/uploads\/2024\/12\/SLOVENIA-17-768x365.png 768w, https:\/\/customice.travel\/wp-content\/uploads\/2024\/12\/SLOVENIA-17-300x142.png 300w, https:\/\/customice.travel\/wp-content\/uploads\/2024\/12\/SLOVENIA-17-1024x486.png 1024w, https:\/\/customice.travel\/wp-content\/uploads\/2024\/12\/SLOVENIA-17-1536x729.png 1536w, https:\/\/customice.travel\/wp-content\/uploads\/2024\/12\/SLOVENIA-17-2048x973.png 2048w, https:\/\/customice.travel\/wp-content\/uploads\/2024\/12\/SLOVENIA-17-84x40.png 84w, https:\/\/customice.travel\/wp-content\/uploads\/2024\/12\/SLOVENIA-17-168x80.png 168w, https:\/\/customice.travel\/wp-content\/uploads\/2024\/12\/SLOVENIA-17-394x187.png 394w, https:\/\/customice.travel\/wp-content\/uploads\/2024\/12\/SLOVENIA-17-915x435.png 915w, https:\/\/customice.travel\/wp-content\/uploads\/2024\/12\/SLOVENIA-17-1240x589.png 1240w, https:\/\/customice.travel\/wp-content\/uploads\/2024\/12\/SLOVENIA-17-1920x912.png 1920w\" sizes=\"auto, (max-width: 768px) 100vw, 768px\" \/>\t\t\t\t\t\t\t\t\t\t\t\t\t\t<\/p>\n<h3>slovenija<\/h3>\n<p>                \t\t\t<a href=\"https:\/\/customice.travel\/sr\/slovenija\/\"><br \/>\n\t\t\t\t\t\t\t\t\tVidite vi\u0161e\t\t\t\t\t\t\t<\/a><br \/>\n\t\t            Planirate poslovno putovanje ili doga\u0111aj? Tu smo da pomognemo!<br \/>\n                                    <a href=\"mailto:%20office@serbia-touroperator.com\"><br \/>\n                                                    Po\u0161aljite upit                                            <\/a><\/p>\n","protected":false},"excerpt":{"rendered":"<p>DESTINACIJE Va\u0161 globalni partner za poslovna putovanja i doga\u0111aje. Specijalizovani smo za organizaciju poslovnih i incentive putovanja \u0161irom sveta &#8211; od dobro poznatog Balkana do najudaljenijih i najinspirativnijih svetskih destinacija. Na\u0161a predstavni\u0161tva u Beogradu i Boki Kotorskoj garant su dubokog &hellip; <a href=\"https:\/\/customice.travel\/sr\/destinacije\/\">Read More<\/a><\/p>\n","protected":false},"author":2,"featured_media":0,"parent":0,"menu_order":9,"comment_status":"closed","ping_status":"closed","template":"","meta":{"_monsterinsights_skip_tracking":false,"_monsterinsights_sitenote_active":false,"_monsterinsights_sitenote_note":"","_monsterinsights_sitenote_category":0,"footnotes":""},"class_list":["post-4387","page","type-page","status-publish","hentry"],"yoast_head":"<!-- This site is optimized with the Yoast SEO plugin v26.4 - https:\/\/yoast.com\/wordpress\/plugins\/seo\/ -->\n<title>Destinacije | Customice<\/title>\n<meta name=\"robots\" content=\"index, follow, max-snippet:-1, max-image-preview:large, max-video-preview:-1\" \/>\n<link rel=\"canonical\" href=\"https:\/\/customice.travel\/sr\/destinacije\/\" \/>\n<meta property=\"og:locale\" content=\"sr_RS\" \/>\n<meta property=\"og:type\" content=\"article\" \/>\n<meta property=\"og:title\" content=\"Destinacije | Customice\" \/>\n<meta property=\"og:description\" content=\"DESTINACIJE Va\u0161 globalni partner za poslovna putovanja i doga\u0111aje. Specijalizovani smo za organizaciju poslovnih i incentive putovanja \u0161irom sveta &#8211; od dobro poznatog Balkana do najudaljenijih i najinspirativnijih svetskih destinacija. Na\u0161a predstavni\u0161tva u Beogradu i Boki Kotorskoj garant su dubokog &hellip; Read More\" \/>\n<meta property=\"og:url\" content=\"https:\/\/customice.travel\/sr\/destinacije\/\" \/>\n<meta property=\"og:site_name\" content=\"Customice\" \/>\n<meta property=\"article:modified_time\" content=\"2025-04-02T14:41:12+00:00\" \/>\n<meta property=\"og:image\" content=\"https:\/\/customice.travel\/wp-content\/uploads\/2024\/12\/CUSTOMICE-Destinations-carousel-7-768x512.png\" \/>\n<meta name=\"twitter:card\" content=\"summary_large_image\" \/>\n<meta name=\"twitter:label1\" content=\"\u041f\u0440\u043e\u0446\u0435\u045a\u0435\u043d\u043e \u0432\u0440\u0435\u043c\u0435 \u0447\u0438\u0442\u0430\u045a\u0430\" \/>\n\t<meta name=\"twitter:data1\" content=\"3 \u043c\u0438\u043d\u0443\u0442\u0430\" \/>\n<script type=\"application\/ld+json\" class=\"yoast-schema-graph\">{\"@context\":\"https:\/\/schema.org\",\"@graph\":[{\"@type\":\"WebPage\",\"@id\":\"https:\/\/customice.travel\/sr\/destinacije\/\",\"url\":\"https:\/\/customice.travel\/sr\/destinacije\/\",\"name\":\"Destinacije | Customice\",\"isPartOf\":{\"@id\":\"https:\/\/customice.travel\/#website\"},\"primaryImageOfPage\":{\"@id\":\"https:\/\/customice.travel\/sr\/destinacije\/#primaryimage\"},\"image\":{\"@id\":\"https:\/\/customice.travel\/sr\/destinacije\/#primaryimage\"},\"thumbnailUrl\":\"https:\/\/customice.travel\/wp-content\/uploads\/2024\/12\/CUSTOMICE-Destinations-carousel-7-768x512.png\",\"datePublished\":\"2020-09-15T01:52:55+00:00\",\"dateModified\":\"2025-04-02T14:41:12+00:00\",\"breadcrumb\":{\"@id\":\"https:\/\/customice.travel\/sr\/destinacije\/#breadcrumb\"},\"inLanguage\":\"sr-RS\",\"potentialAction\":[{\"@type\":\"ReadAction\",\"target\":[\"https:\/\/customice.travel\/sr\/destinacije\/\"]}]},{\"@type\":\"ImageObject\",\"inLanguage\":\"sr-RS\",\"@id\":\"https:\/\/customice.travel\/sr\/destinacije\/#primaryimage\",\"url\":\"https:\/\/customice.travel\/wp-content\/uploads\/2024\/12\/CUSTOMICE-Destinations-carousel-7-768x512.png\",\"contentUrl\":\"https:\/\/customice.travel\/wp-content\/uploads\/2024\/12\/CUSTOMICE-Destinations-carousel-7-768x512.png\"},{\"@type\":\"BreadcrumbList\",\"@id\":\"https:\/\/customice.travel\/sr\/destinacije\/#breadcrumb\",\"itemListElement\":[{\"@type\":\"ListItem\",\"position\":1,\"name\":\"Home\",\"item\":\"https:\/\/customice.travel\/sr\/\"},{\"@type\":\"ListItem\",\"position\":2,\"name\":\"Destinacije\"}]},{\"@type\":\"WebSite\",\"@id\":\"https:\/\/customice.travel\/#website\",\"url\":\"https:\/\/customice.travel\/\",\"name\":\"Customice\",\"description\":\"Full service MICE provider in the Balkans\",\"publisher\":{\"@id\":\"https:\/\/customice.travel\/#organization\"},\"potentialAction\":[{\"@type\":\"SearchAction\",\"target\":{\"@type\":\"EntryPoint\",\"urlTemplate\":\"https:\/\/customice.travel\/?s={search_term_string}\"},\"query-input\":{\"@type\":\"PropertyValueSpecification\",\"valueRequired\":true,\"valueName\":\"search_term_string\"}}],\"inLanguage\":\"sr-RS\"},{\"@type\":\"Organization\",\"@id\":\"https:\/\/customice.travel\/#organization\",\"name\":\"Customice\",\"url\":\"https:\/\/customice.travel\/\",\"logo\":{\"@type\":\"ImageObject\",\"inLanguage\":\"sr-RS\",\"@id\":\"https:\/\/customice.travel\/#\/schema\/logo\/image\/\",\"url\":\"https:\/\/customice.travel\/wp-content\/uploads\/2024\/12\/CUSTOMICE-LOGO-ROSEGOLD.png\",\"contentUrl\":\"https:\/\/customice.travel\/wp-content\/uploads\/2024\/12\/CUSTOMICE-LOGO-ROSEGOLD.png\",\"width\":300,\"height\":43,\"caption\":\"Customice\"},\"image\":{\"@id\":\"https:\/\/customice.travel\/#\/schema\/logo\/image\/\"},\"sameAs\":[\"https:\/\/www.linkedin.com\/showcase\/customice-travel\/\",\"https:\/\/www.instagram.com\/customice_travel\/\"]}]}<\/script>\n<!-- \/ Yoast SEO plugin. -->","yoast_head_json":{"title":"Destinacije | Customice","robots":{"index":"index","follow":"follow","max-snippet":"max-snippet:-1","max-image-preview":"max-image-preview:large","max-video-preview":"max-video-preview:-1"},"canonical":"https:\/\/customice.travel\/sr\/destinacije\/","og_locale":"sr_RS","og_type":"article","og_title":"Destinacije | Customice","og_description":"DESTINACIJE Va\u0161 globalni partner za poslovna putovanja i doga\u0111aje. Specijalizovani smo za organizaciju poslovnih i incentive putovanja \u0161irom sveta &#8211; od dobro poznatog Balkana do najudaljenijih i najinspirativnijih svetskih destinacija. Na\u0161a predstavni\u0161tva u Beogradu i Boki Kotorskoj garant su dubokog &hellip; Read More","og_url":"https:\/\/customice.travel\/sr\/destinacije\/","og_site_name":"Customice","article_modified_time":"2025-04-02T14:41:12+00:00","og_image":[{"url":"https:\/\/customice.travel\/wp-content\/uploads\/2024\/12\/CUSTOMICE-Destinations-carousel-7-768x512.png","type":"","width":"","height":""}],"twitter_card":"summary_large_image","twitter_misc":{"\u041f\u0440\u043e\u0446\u0435\u045a\u0435\u043d\u043e \u0432\u0440\u0435\u043c\u0435 \u0447\u0438\u0442\u0430\u045a\u0430":"3 \u043c\u0438\u043d\u0443\u0442\u0430"},"schema":{"@context":"https:\/\/schema.org","@graph":[{"@type":"WebPage","@id":"https:\/\/customice.travel\/sr\/destinacije\/","url":"https:\/\/customice.travel\/sr\/destinacije\/","name":"Destinacije | Customice","isPartOf":{"@id":"https:\/\/customice.travel\/#website"},"primaryImageOfPage":{"@id":"https:\/\/customice.travel\/sr\/destinacije\/#primaryimage"},"image":{"@id":"https:\/\/customice.travel\/sr\/destinacije\/#primaryimage"},"thumbnailUrl":"https:\/\/customice.travel\/wp-content\/uploads\/2024\/12\/CUSTOMICE-Destinations-carousel-7-768x512.png","datePublished":"2020-09-15T01:52:55+00:00","dateModified":"2025-04-02T14:41:12+00:00","breadcrumb":{"@id":"https:\/\/customice.travel\/sr\/destinacije\/#breadcrumb"},"inLanguage":"sr-RS","potentialAction":[{"@type":"ReadAction","target":["https:\/\/customice.travel\/sr\/destinacije\/"]}]},{"@type":"ImageObject","inLanguage":"sr-RS","@id":"https:\/\/customice.travel\/sr\/destinacije\/#primaryimage","url":"https:\/\/customice.travel\/wp-content\/uploads\/2024\/12\/CUSTOMICE-Destinations-carousel-7-768x512.png","contentUrl":"https:\/\/customice.travel\/wp-content\/uploads\/2024\/12\/CUSTOMICE-Destinations-carousel-7-768x512.png"},{"@type":"BreadcrumbList","@id":"https:\/\/customice.travel\/sr\/destinacije\/#breadcrumb","itemListElement":[{"@type":"ListItem","position":1,"name":"Home","item":"https:\/\/customice.travel\/sr\/"},{"@type":"ListItem","position":2,"name":"Destinacije"}]},{"@type":"WebSite","@id":"https:\/\/customice.travel\/#website","url":"https:\/\/customice.travel\/","name":"Customice","description":"Full service MICE provider in the Balkans","publisher":{"@id":"https:\/\/customice.travel\/#organization"},"potentialAction":[{"@type":"SearchAction","target":{"@type":"EntryPoint","urlTemplate":"https:\/\/customice.travel\/?s={search_term_string}"},"query-input":{"@type":"PropertyValueSpecification","valueRequired":true,"valueName":"search_term_string"}}],"inLanguage":"sr-RS"},{"@type":"Organization","@id":"https:\/\/customice.travel\/#organization","name":"Customice","url":"https:\/\/customice.travel\/","logo":{"@type":"ImageObject","inLanguage":"sr-RS","@id":"https:\/\/customice.travel\/#\/schema\/logo\/image\/","url":"https:\/\/customice.travel\/wp-content\/uploads\/2024\/12\/CUSTOMICE-LOGO-ROSEGOLD.png","contentUrl":"https:\/\/customice.travel\/wp-content\/uploads\/2024\/12\/CUSTOMICE-LOGO-ROSEGOLD.png","width":300,"height":43,"caption":"Customice"},"image":{"@id":"https:\/\/customice.travel\/#\/schema\/logo\/image\/"},"sameAs":["https:\/\/www.linkedin.com\/showcase\/customice-travel\/","https:\/\/www.instagram.com\/customice_travel\/"]}]}},"_links":{"self":[{"href":"https:\/\/customice.travel\/sr\/wp-json\/wp\/v2\/pages\/4387","targetHints":{"allow":["GET"]}}],"collection":[{"href":"https:\/\/customice.travel\/sr\/wp-json\/wp\/v2\/pages"}],"about":[{"href":"https:\/\/customice.travel\/sr\/wp-json\/wp\/v2\/types\/page"}],"author":[{"embeddable":true,"href":"https:\/\/customice.travel\/sr\/wp-json\/wp\/v2\/users\/2"}],"replies":[{"embeddable":true,"href":"https:\/\/customice.travel\/sr\/wp-json\/wp\/v2\/comments?post=4387"}],"version-history":[{"count":16,"href":"https:\/\/customice.travel\/sr\/wp-json\/wp\/v2\/pages\/4387\/revisions"}],"predecessor-version":[{"id":4792,"href":"https:\/\/customice.travel\/sr\/wp-json\/wp\/v2\/pages\/4387\/revisions\/4792"}],"wp:attachment":[{"href":"https:\/\/customice.travel\/sr\/wp-json\/wp\/v2\/media?parent=4387"}],"curies":[{"name":"wp","href":"https:\/\/api.w.org\/{rel}","templated":true}]}}