{"id":4390,"date":"2020-08-22T23:14:47","date_gmt":"2020-08-22T23:14:47","guid":{"rendered":"https:\/\/customice.travel\/services\/"},"modified":"2025-05-15T12:09:08","modified_gmt":"2025-05-15T12:09:08","slug":"usluge","status":"publish","type":"page","link":"https:\/\/customice.travel\/sr\/usluge\/","title":{"rendered":"Usluge"},"content":{"rendered":"\t\t<div data-elementor-type=\"wp-page\" data-elementor-id=\"4390\" class=\"elementor elementor-4390 elementor-1057\">\n\t\t\t\t\t\t<div class=\"elementor-inner\">\n\t\t\t\t<div class=\"elementor-section-wrap\">\n\t\t\t\t\t\t\t\t\t<section class=\"th-parallax elementor-section elementor-top-section elementor-element elementor-element-12368847 elementor-section-height-min-height elementor-section-boxed elementor-section-height-default elementor-section-items-middle\" data-parallax=\"scroll\" data-image-src=\"https:\/\/customice.travel\/wp-content\/uploads\/2020\/10\/services-airport.jpg\" data-id=\"12368847\" data-element_type=\"section\" data-settings=\"{&quot;background_background&quot;:&quot;classic&quot;}\">\n\t\t\t\t\t\t\t<div class=\"elementor-background-overlay\"><\/div>\n\t\t\t\t\t\t\t<div class=\"elementor-container elementor-column-gap-default\">\n\t\t\t\t\t\t\t<div class=\"elementor-row\">\n\t\t\t\t\t<div class=\"elementor-column elementor-col-100 elementor-top-column elementor-element elementor-element-75cf85b9\" data-id=\"75cf85b9\" data-element_type=\"column\">\n\t\t\t<div class=\"elementor-column-wrap elementor-element-populated\">\n\t\t\t\t\t\t\t<div class=\"elementor-widget-wrap\">\n\t\t\t\t\t\t<div class=\"elementor-element elementor-element-40c836c7 elementor-view-default elementor-position-top elementor-widget elementor-widget-themo-header\" data-id=\"40c836c7\" data-element_type=\"widget\" data-widget_type=\"themo-header.default\">\n\t\t\t\t<div class=\"elementor-widget-container\">\n\t\t\t\t\t<div class=\"th-header-wrap\">\n        <div class=\"elementor-icon-box-wrapper \">\n                            <div class=\"elementor-icon-box-content\">\n                    <h1 class=\"elementor-icon-box-title\">\n                        Usluge                    <\/h1>\n                                        <p class=\"elementor-icon-box-description\"><\/p>\n\n                                    <\/div>\n            <\/div>\n\n        <\/div>\n\n\t\t\t\t<\/div>\n\t\t\t\t<\/div>\n\t\t\t\t\t\t<\/div>\n\t\t\t\t\t<\/div>\n\t\t<\/div>\n\t\t\t\t\t\t\t\t<\/div>\n\t\t\t\t\t<\/div>\n\t\t<\/section>\n\t\t\t\t<section class=\"elementor-section elementor-top-section elementor-element elementor-element-3d45baff elementor-section-boxed elementor-section-height-default elementor-section-height-default\" data-id=\"3d45baff\" data-element_type=\"section\" data-settings=\"{&quot;background_background&quot;:&quot;classic&quot;}\">\n\t\t\t\t\t\t<div class=\"elementor-container elementor-column-gap-default\">\n\t\t\t\t\t\t\t<div class=\"elementor-row\">\n\t\t\t\t\t<div class=\"elementor-column elementor-col-100 elementor-top-column elementor-element elementor-element-218addc8\" data-id=\"218addc8\" data-element_type=\"column\">\n\t\t\t<div class=\"elementor-column-wrap elementor-element-populated\">\n\t\t\t\t\t\t\t<div class=\"elementor-widget-wrap\">\n\t\t\t\t\t\t<div class=\"elementor-element elementor-element-4542c4ed elementor-widget elementor-widget-shortcode\" data-id=\"4542c4ed\" data-element_type=\"widget\" id=\"mice-breadcrumbs\" data-widget_type=\"shortcode.default\">\n\t\t\t\t<div class=\"elementor-widget-container\">\n\t\t\t\t\t<div class=\"elementor-shortcode\"><span><span><a href=\"https:\/\/customice.travel\/sr\/\">Home<\/a><\/span><\/span><\/div>\n\t\t\t\t<\/div>\n\t\t\t\t<\/div>\n\t\t\t\t\t\t<\/div>\n\t\t\t\t\t<\/div>\n\t\t<\/div>\n\t\t\t\t\t\t\t\t<\/div>\n\t\t\t\t\t<\/div>\n\t\t<\/section>\n\t\t\t\t<section class=\"elementor-section elementor-top-section elementor-element elementor-element-58b1bb11 elementor-section-boxed elementor-section-height-default elementor-section-height-default\" data-id=\"58b1bb11\" data-element_type=\"section\" data-settings=\"{&quot;background_background&quot;:&quot;classic&quot;}\">\n\t\t\t\t\t\t<div class=\"elementor-container elementor-column-gap-default\">\n\t\t\t\t\t\t\t<div class=\"elementor-row\">\n\t\t\t\t\t<div class=\"elementor-column elementor-col-25 elementor-top-column elementor-element elementor-element-26d669dc\" data-id=\"26d669dc\" data-element_type=\"column\">\n\t\t\t<div class=\"elementor-column-wrap elementor-element-populated\">\n\t\t\t\t\t\t\t<div class=\"elementor-widget-wrap\">\n\t\t\t\t\t\t<div class=\"elementor-element elementor-element-1aa40753 elementor-view-default elementor-position-top elementor-widget elementor-widget-themo-header\" data-id=\"1aa40753\" data-element_type=\"widget\" data-widget_type=\"themo-header.default\">\n\t\t\t\t<div class=\"elementor-widget-container\">\n\t\t\t\t\t<div class=\"th-header-wrap\">\n        <div class=\"elementor-icon-box-wrapper th-show-icon\">\n                            <div class=\"elementor-icon-box-icon th-icon-size-md\">\n                    <span class=\"elementor-icon \">\n                        <i aria-hidden=\"true\" class=\"fas fa-briefcase\"><\/i>                    <\/span>\n                <\/div>\n                                <div class=\"elementor-icon-box-content\">\n                    <h6 class=\"elementor-icon-box-title\">\n                        Poslovna putovanja                    <\/h6>\n                                        <p class=\"elementor-icon-box-description\"><\/p>\n\n                                            <div class=\"th-btn-wrap\">\n                                                            <a class=\"btn-1 btn th-btn btn-ghost-dark\" href=\"https:\/\/customice.travel\/sr\/usluge\/poslovna-putovanja\/\">\n                                                                            Vidite vi\u0161e                                                                    <\/a>\n                            \n                                                    <\/div>\n                                    <\/div>\n            <\/div>\n\n        <\/div>\n\n\t\t\t\t<\/div>\n\t\t\t\t<\/div>\n\t\t\t\t\t\t<\/div>\n\t\t\t\t\t<\/div>\n\t\t<\/div>\n\t\t\t\t<div class=\"elementor-column elementor-col-25 elementor-top-column elementor-element elementor-element-cfd54b6\" data-id=\"cfd54b6\" data-element_type=\"column\">\n\t\t\t<div class=\"elementor-column-wrap elementor-element-populated\">\n\t\t\t\t\t\t\t<div class=\"elementor-widget-wrap\">\n\t\t\t\t\t\t<div class=\"elementor-element elementor-element-776b3230 elementor-view-default elementor-position-top elementor-widget elementor-widget-themo-header\" data-id=\"776b3230\" data-element_type=\"widget\" data-widget_type=\"themo-header.default\">\n\t\t\t\t<div class=\"elementor-widget-container\">\n\t\t\t\t\t<div class=\"th-header-wrap\">\n        <div class=\"elementor-icon-box-wrapper th-show-icon\">\n                            <div class=\"elementor-icon-box-icon th-icon-size-md\">\n                    <span class=\"elementor-icon \">\n                        <i aria-hidden=\"true\" class=\"fas fa-glass-cheers\"><\/i>                    <\/span>\n                <\/div>\n                                <div class=\"elementor-icon-box-content\">\n                    <h6 class=\"elementor-icon-box-title\">\n                        Incentive putovanja                    <\/h6>\n                                        <p class=\"elementor-icon-box-description\"><\/p>\n\n                                            <div class=\"th-btn-wrap\">\n                                                            <a class=\"btn-1 btn th-btn btn-ghost-primary\" href=\"https:\/\/customice.travel\/sr\/usluge\/incentive-putovanja\/\">\n                                                                            Vidite vi\u0161e                                                                    <\/a>\n                            \n                                                    <\/div>\n                                    <\/div>\n            <\/div>\n\n        <\/div>\n\n\t\t\t\t<\/div>\n\t\t\t\t<\/div>\n\t\t\t\t\t\t<\/div>\n\t\t\t\t\t<\/div>\n\t\t<\/div>\n\t\t\t\t<div class=\"elementor-column elementor-col-25 elementor-top-column elementor-element elementor-element-6119c580\" data-id=\"6119c580\" data-element_type=\"column\">\n\t\t\t<div class=\"elementor-column-wrap elementor-element-populated\">\n\t\t\t\t\t\t\t<div class=\"elementor-widget-wrap\">\n\t\t\t\t\t\t<div class=\"elementor-element elementor-element-16117ff2 elementor-view-default elementor-position-top elementor-widget elementor-widget-themo-header\" data-id=\"16117ff2\" data-element_type=\"widget\" data-widget_type=\"themo-header.default\">\n\t\t\t\t<div class=\"elementor-widget-container\">\n\t\t\t\t\t<div class=\"th-header-wrap\">\n        <div class=\"elementor-icon-box-wrapper th-show-icon\">\n                            <div class=\"elementor-icon-box-icon th-icon-size-md\">\n                    <span class=\"elementor-icon \">\n                        <i aria-hidden=\"true\" class=\"fas fa-microphone\"><\/i>                    <\/span>\n                <\/div>\n                                <div class=\"elementor-icon-box-content\">\n                    <h6 class=\"elementor-icon-box-title\">\n                        Konferencije i doga\u0111aji                    <\/h6>\n                                        <p class=\"elementor-icon-box-description\"><\/p>\n\n                                            <div class=\"th-btn-wrap\">\n                                                            <a class=\"btn-1 btn th-btn btn-ghost-primary\" href=\"https:\/\/customice.travel\/sr\/usluge\/konferencije-i-dogadjaji\/\">\n                                                                            Vidite vi\u0161e                                                                    <\/a>\n                            \n                                                    <\/div>\n                                    <\/div>\n            <\/div>\n\n        <\/div>\n\n\t\t\t\t<\/div>\n\t\t\t\t<\/div>\n\t\t\t\t\t\t<\/div>\n\t\t\t\t\t<\/div>\n\t\t<\/div>\n\t\t\t\t<div class=\"elementor-column elementor-col-25 elementor-top-column elementor-element elementor-element-ee9d4a8\" data-id=\"ee9d4a8\" data-element_type=\"column\">\n\t\t\t<div class=\"elementor-column-wrap elementor-element-populated\">\n\t\t\t\t\t\t\t<div class=\"elementor-widget-wrap\">\n\t\t\t\t\t\t<div class=\"elementor-element elementor-element-4d2b34fa elementor-view-default elementor-position-top elementor-widget elementor-widget-themo-header\" data-id=\"4d2b34fa\" data-element_type=\"widget\" data-widget_type=\"themo-header.default\">\n\t\t\t\t<div class=\"elementor-widget-container\">\n\t\t\t\t\t<div class=\"th-header-wrap\">\n        <div class=\"elementor-icon-box-wrapper th-show-icon\">\n                            <div class=\"elementor-icon-box-icon th-icon-size-md\">\n                    <span class=\"elementor-icon \">\n                        <i aria-hidden=\"true\" class=\"fas fa-concierge-bell\"><\/i>                    <\/span>\n                <\/div>\n                                <div class=\"elementor-icon-box-content\">\n                    <h6 class=\"elementor-icon-box-title\">\n                        Vi\u0161e od doga\u0111aja                    <\/h6>\n                                        <p class=\"elementor-icon-box-description\"><\/p>\n\n                                            <div class=\"th-btn-wrap\">\n                                                            <a class=\"btn-1 btn th-btn btn-ghost-primary\" href=\"https:\/\/customice.travel\/sr\/usluge\/vise-od-dogadjaja\/\">\n                                                                            Vidite vi\u0161e                                                                    <\/a>\n                            \n                                                    <\/div>\n                                    <\/div>\n            <\/div>\n\n        <\/div>\n\n\t\t\t\t<\/div>\n\t\t\t\t<\/div>\n\t\t\t\t\t\t<\/div>\n\t\t\t\t\t<\/div>\n\t\t<\/div>\n\t\t\t\t\t\t\t\t<\/div>\n\t\t\t\t\t<\/div>\n\t\t<\/section>\n\t\t\t\t<section class=\"elementor-section elementor-top-section elementor-element elementor-element-1950b743 elementor-section-boxed elementor-section-height-default elementor-section-height-default\" data-id=\"1950b743\" data-element_type=\"section\" data-settings=\"{&quot;background_background&quot;:&quot;classic&quot;}\">\n\t\t\t\t\t\t<div class=\"elementor-container elementor-column-gap-default\">\n\t\t\t\t\t\t\t<div class=\"elementor-row\">\n\t\t\t\t\t<div class=\"elementor-column elementor-col-100 elementor-top-column elementor-element elementor-element-50f5dc8\" data-id=\"50f5dc8\" data-element_type=\"column\">\n\t\t\t<div class=\"elementor-column-wrap elementor-element-populated\">\n\t\t\t\t\t\t\t<div class=\"elementor-widget-wrap\">\n\t\t\t\t\t\t<div class=\"elementor-element elementor-element-1e56becb elementor-widget elementor-widget-themo-call-to-action\" data-id=\"1e56becb\" data-element_type=\"widget\" data-widget_type=\"themo-call-to-action.default\">\n\t\t\t\t<div class=\"elementor-widget-container\">\n\t\t\t\t\t<div class=\"th-cta\">\n\t\t\t\t\t        <div class=\"th-cta-text\">\n\t\t            <span>Prepustite nama organizaciju va\u0161eg slede\u0107eg poslovnog putovanja ili doga\u0111aja.<\/span>\n\t\t        <\/div>\n\t\t    \n                        <div class=\"th-cta-btn\">\n\n                                    <a class=\"btn-1 btn th-btn btn-standard-light\" href=\"https:\/\/customice.travel\/contact-us\/\">\n                                                    Po\u0161aljite upit                                            <\/a>\n                \n                            <\/div>\n            \t\t<\/div>\n\t\t\t\t<\/div>\n\t\t\t\t<\/div>\n\t\t\t\t\t\t<\/div>\n\t\t\t\t\t<\/div>\n\t\t<\/div>\n\t\t\t\t\t\t\t\t<\/div>\n\t\t\t\t\t<\/div>\n\t\t<\/section>\n\t\t\t\t\t\t\t\t\t<\/div>\n\t\t\t<\/div>\n\t\t\t\t\t<\/div>\n\t\t","protected":false},"excerpt":{"rendered":"<p>Usluge Poslovna putovanja Vidite vi\u0161e Incentive putovanja Vidite vi\u0161e Konferencije i doga\u0111aji Vidite vi\u0161e Vi\u0161e od doga\u0111aja Vidite vi\u0161e Prepustite nama organizaciju va\u0161eg slede\u0107eg poslovnog putovanja ili doga\u0111aja. Po\u0161aljite upit<\/p>\n","protected":false},"author":2,"featured_media":4077,"parent":0,"menu_order":21,"comment_status":"closed","ping_status":"closed","template":"","meta":{"_monsterinsights_skip_tracking":false,"_monsterinsights_sitenote_active":false,"_monsterinsights_sitenote_note":"","_monsterinsights_sitenote_category":0,"footnotes":""},"class_list":["post-4390","page","type-page","status-publish","has-post-thumbnail","hentry"],"yoast_head":"<!-- This site is optimized with the Yoast SEO plugin v26.4 - https:\/\/yoast.com\/wordpress\/plugins\/seo\/ -->\n<title>Usluge | Customice<\/title>\n<meta name=\"robots\" content=\"index, follow, max-snippet:-1, max-image-preview:large, max-video-preview:-1\" \/>\n<link rel=\"canonical\" href=\"https:\/\/customice.travel\/sr\/usluge\/\" \/>\n<meta property=\"og:locale\" content=\"sr_RS\" \/>\n<meta property=\"og:type\" content=\"article\" \/>\n<meta property=\"og:title\" content=\"Usluge | Customice\" \/>\n<meta property=\"og:description\" content=\"Usluge Poslovna putovanja Vidite vi\u0161e Incentive putovanja Vidite vi\u0161e Konferencije i doga\u0111aji Vidite vi\u0161e Vi\u0161e od doga\u0111aja Vidite vi\u0161e Prepustite nama organizaciju va\u0161eg slede\u0107eg poslovnog putovanja ili doga\u0111aja. Po\u0161aljite upit\" \/>\n<meta property=\"og:url\" content=\"https:\/\/customice.travel\/sr\/usluge\/\" \/>\n<meta property=\"og:site_name\" content=\"Customice\" \/>\n<meta property=\"article:modified_time\" content=\"2025-05-15T12:09:08+00:00\" \/>\n<meta property=\"og:image\" content=\"https:\/\/customice.travel\/wp-content\/uploads\/2020\/10\/services-airport.jpg\" \/>\n\t<meta property=\"og:image:width\" content=\"1920\" \/>\n\t<meta property=\"og:image:height\" content=\"1280\" \/>\n\t<meta property=\"og:image:type\" content=\"image\/jpeg\" \/>\n<meta name=\"twitter:card\" content=\"summary_large_image\" \/>\n<meta name=\"twitter:image\" content=\"https:\/\/customice.travel\/wp-content\/uploads\/2020\/10\/services-airport.jpg\" \/>\n<meta name=\"twitter:label1\" content=\"\u041f\u0440\u043e\u0446\u0435\u045a\u0435\u043d\u043e \u0432\u0440\u0435\u043c\u0435 \u0447\u0438\u0442\u0430\u045a\u0430\" \/>\n\t<meta name=\"twitter:data1\" content=\"1 \u043c\u0438\u043d\u0443\u0442\" \/>\n<script type=\"application\/ld+json\" class=\"yoast-schema-graph\">{\"@context\":\"https:\/\/schema.org\",\"@graph\":[{\"@type\":\"WebPage\",\"@id\":\"https:\/\/customice.travel\/sr\/usluge\/\",\"url\":\"https:\/\/customice.travel\/sr\/usluge\/\",\"name\":\"Usluge | Customice\",\"isPartOf\":{\"@id\":\"https:\/\/customice.travel\/#website\"},\"primaryImageOfPage\":{\"@id\":\"https:\/\/customice.travel\/sr\/usluge\/#primaryimage\"},\"image\":{\"@id\":\"https:\/\/customice.travel\/sr\/usluge\/#primaryimage\"},\"thumbnailUrl\":\"https:\/\/customice.travel\/wp-content\/uploads\/2020\/10\/services-airport.jpg\",\"datePublished\":\"2020-08-22T23:14:47+00:00\",\"dateModified\":\"2025-05-15T12:09:08+00:00\",\"breadcrumb\":{\"@id\":\"https:\/\/customice.travel\/sr\/usluge\/#breadcrumb\"},\"inLanguage\":\"sr-RS\",\"potentialAction\":[{\"@type\":\"ReadAction\",\"target\":[\"https:\/\/customice.travel\/sr\/usluge\/\"]}]},{\"@type\":\"ImageObject\",\"inLanguage\":\"sr-RS\",\"@id\":\"https:\/\/customice.travel\/sr\/usluge\/#primaryimage\",\"url\":\"https:\/\/customice.travel\/wp-content\/uploads\/2020\/10\/services-airport.jpg\",\"contentUrl\":\"https:\/\/customice.travel\/wp-content\/uploads\/2020\/10\/services-airport.jpg\",\"width\":1920,\"height\":1280},{\"@type\":\"BreadcrumbList\",\"@id\":\"https:\/\/customice.travel\/sr\/usluge\/#breadcrumb\",\"itemListElement\":[{\"@type\":\"ListItem\",\"position\":1,\"name\":\"Home\",\"item\":\"https:\/\/customice.travel\/sr\/\"},{\"@type\":\"ListItem\",\"position\":2,\"name\":\"Usluge\"}]},{\"@type\":\"WebSite\",\"@id\":\"https:\/\/customice.travel\/#website\",\"url\":\"https:\/\/customice.travel\/\",\"name\":\"Customice\",\"description\":\"Full service MICE provider in the Balkans\",\"publisher\":{\"@id\":\"https:\/\/customice.travel\/#organization\"},\"potentialAction\":[{\"@type\":\"SearchAction\",\"target\":{\"@type\":\"EntryPoint\",\"urlTemplate\":\"https:\/\/customice.travel\/?s={search_term_string}\"},\"query-input\":{\"@type\":\"PropertyValueSpecification\",\"valueRequired\":true,\"valueName\":\"search_term_string\"}}],\"inLanguage\":\"sr-RS\"},{\"@type\":\"Organization\",\"@id\":\"https:\/\/customice.travel\/#organization\",\"name\":\"Customice\",\"url\":\"https:\/\/customice.travel\/\",\"logo\":{\"@type\":\"ImageObject\",\"inLanguage\":\"sr-RS\",\"@id\":\"https:\/\/customice.travel\/#\/schema\/logo\/image\/\",\"url\":\"https:\/\/customice.travel\/wp-content\/uploads\/2024\/12\/CUSTOMICE-LOGO-ROSEGOLD.png\",\"contentUrl\":\"https:\/\/customice.travel\/wp-content\/uploads\/2024\/12\/CUSTOMICE-LOGO-ROSEGOLD.png\",\"width\":300,\"height\":43,\"caption\":\"Customice\"},\"image\":{\"@id\":\"https:\/\/customice.travel\/#\/schema\/logo\/image\/\"},\"sameAs\":[\"https:\/\/www.linkedin.com\/showcase\/customice-travel\/\",\"https:\/\/www.instagram.com\/customice_travel\/\"]}]}<\/script>\n<!-- \/ Yoast SEO plugin. -->","yoast_head_json":{"title":"Usluge | Customice","robots":{"index":"index","follow":"follow","max-snippet":"max-snippet:-1","max-image-preview":"max-image-preview:large","max-video-preview":"max-video-preview:-1"},"canonical":"https:\/\/customice.travel\/sr\/usluge\/","og_locale":"sr_RS","og_type":"article","og_title":"Usluge | Customice","og_description":"Usluge Poslovna putovanja Vidite vi\u0161e Incentive putovanja Vidite vi\u0161e Konferencije i doga\u0111aji Vidite vi\u0161e Vi\u0161e od doga\u0111aja Vidite vi\u0161e Prepustite nama organizaciju va\u0161eg slede\u0107eg poslovnog putovanja ili doga\u0111aja. Po\u0161aljite upit","og_url":"https:\/\/customice.travel\/sr\/usluge\/","og_site_name":"Customice","article_modified_time":"2025-05-15T12:09:08+00:00","og_image":[{"width":1920,"height":1280,"url":"https:\/\/customice.travel\/wp-content\/uploads\/2020\/10\/services-airport.jpg","type":"image\/jpeg"}],"twitter_card":"summary_large_image","twitter_image":"https:\/\/customice.travel\/wp-content\/uploads\/2020\/10\/services-airport.jpg","twitter_misc":{"\u041f\u0440\u043e\u0446\u0435\u045a\u0435\u043d\u043e \u0432\u0440\u0435\u043c\u0435 \u0447\u0438\u0442\u0430\u045a\u0430":"1 \u043c\u0438\u043d\u0443\u0442"},"schema":{"@context":"https:\/\/schema.org","@graph":[{"@type":"WebPage","@id":"https:\/\/customice.travel\/sr\/usluge\/","url":"https:\/\/customice.travel\/sr\/usluge\/","name":"Usluge | Customice","isPartOf":{"@id":"https:\/\/customice.travel\/#website"},"primaryImageOfPage":{"@id":"https:\/\/customice.travel\/sr\/usluge\/#primaryimage"},"image":{"@id":"https:\/\/customice.travel\/sr\/usluge\/#primaryimage"},"thumbnailUrl":"https:\/\/customice.travel\/wp-content\/uploads\/2020\/10\/services-airport.jpg","datePublished":"2020-08-22T23:14:47+00:00","dateModified":"2025-05-15T12:09:08+00:00","breadcrumb":{"@id":"https:\/\/customice.travel\/sr\/usluge\/#breadcrumb"},"inLanguage":"sr-RS","potentialAction":[{"@type":"ReadAction","target":["https:\/\/customice.travel\/sr\/usluge\/"]}]},{"@type":"ImageObject","inLanguage":"sr-RS","@id":"https:\/\/customice.travel\/sr\/usluge\/#primaryimage","url":"https:\/\/customice.travel\/wp-content\/uploads\/2020\/10\/services-airport.jpg","contentUrl":"https:\/\/customice.travel\/wp-content\/uploads\/2020\/10\/services-airport.jpg","width":1920,"height":1280},{"@type":"BreadcrumbList","@id":"https:\/\/customice.travel\/sr\/usluge\/#breadcrumb","itemListElement":[{"@type":"ListItem","position":1,"name":"Home","item":"https:\/\/customice.travel\/sr\/"},{"@type":"ListItem","position":2,"name":"Usluge"}]},{"@type":"WebSite","@id":"https:\/\/customice.travel\/#website","url":"https:\/\/customice.travel\/","name":"Customice","description":"Full service MICE provider in the Balkans","publisher":{"@id":"https:\/\/customice.travel\/#organization"},"potentialAction":[{"@type":"SearchAction","target":{"@type":"EntryPoint","urlTemplate":"https:\/\/customice.travel\/?s={search_term_string}"},"query-input":{"@type":"PropertyValueSpecification","valueRequired":true,"valueName":"search_term_string"}}],"inLanguage":"sr-RS"},{"@type":"Organization","@id":"https:\/\/customice.travel\/#organization","name":"Customice","url":"https:\/\/customice.travel\/","logo":{"@type":"ImageObject","inLanguage":"sr-RS","@id":"https:\/\/customice.travel\/#\/schema\/logo\/image\/","url":"https:\/\/customice.travel\/wp-content\/uploads\/2024\/12\/CUSTOMICE-LOGO-ROSEGOLD.png","contentUrl":"https:\/\/customice.travel\/wp-content\/uploads\/2024\/12\/CUSTOMICE-LOGO-ROSEGOLD.png","width":300,"height":43,"caption":"Customice"},"image":{"@id":"https:\/\/customice.travel\/#\/schema\/logo\/image\/"},"sameAs":["https:\/\/www.linkedin.com\/showcase\/customice-travel\/","https:\/\/www.instagram.com\/customice_travel\/"]}]}},"_links":{"self":[{"href":"https:\/\/customice.travel\/sr\/wp-json\/wp\/v2\/pages\/4390","targetHints":{"allow":["GET"]}}],"collection":[{"href":"https:\/\/customice.travel\/sr\/wp-json\/wp\/v2\/pages"}],"about":[{"href":"https:\/\/customice.travel\/sr\/wp-json\/wp\/v2\/types\/page"}],"author":[{"embeddable":true,"href":"https:\/\/customice.travel\/sr\/wp-json\/wp\/v2\/users\/2"}],"replies":[{"embeddable":true,"href":"https:\/\/customice.travel\/sr\/wp-json\/wp\/v2\/comments?post=4390"}],"version-history":[{"count":15,"href":"https:\/\/customice.travel\/sr\/wp-json\/wp\/v2\/pages\/4390\/revisions"}],"predecessor-version":[{"id":4883,"href":"https:\/\/customice.travel\/sr\/wp-json\/wp\/v2\/pages\/4390\/revisions\/4883"}],"wp:featuredmedia":[{"embeddable":true,"href":"https:\/\/customice.travel\/sr\/wp-json\/wp\/v2\/media\/4077"}],"wp:attachment":[{"href":"https:\/\/customice.travel\/sr\/wp-json\/wp\/v2\/media?parent=4390"}],"curies":[{"name":"wp","href":"https:\/\/api.w.org\/{rel}","templated":true}]}}